{"id":10158,"date":"2025-06-30T13:38:42","date_gmt":"2025-06-30T13:38:42","guid":{"rendered":"https:\/\/www.samcon.ca\/?page_id=10158"},"modified":"2025-07-26T14:14:24","modified_gmt":"2025-07-26T14:14:24","slug":"gross-vs-net-sqft","status":"publish","type":"page","link":"https:\/\/www.samcon.ca\/fr\/gross-vs-net-sqft\/","title":{"rendered":"Pieds carr\u00e9s bruts vs pieds carr\u00e9s nets"},"content":{"rendered":"<div data-elementor-type=\"wp-page\" data-elementor-id=\"10158\" class=\"elementor elementor-10158\" data-elementor-post-type=\"page\">\n\t\t\t\t<div class=\"elementor-element elementor-element-21bdd65 e-con-full regular-as e-flex e-con e-parent\" data-id=\"21bdd65\" data-element_type=\"container\" data-e-type=\"container\" data-settings=\"{&quot;background_background&quot;:&quot;classic&quot;}\">\n\t\t<div class=\"elementor-element elementor-element-69f3325 e-grid e-con-full regularpad e-con e-child\" data-id=\"69f3325\" data-element_type=\"container\" data-e-type=\"container\">\n\t\t<div class=\"elementor-element elementor-element-86cc852 e-grid e-con-full e-con e-child\" data-id=\"86cc852\" data-element_type=\"container\" data-e-type=\"container\">\n\t\t\t\t<div class=\"elementor-element elementor-element-c0de9a0 elementor-widget elementor-widget-heading\" data-id=\"c0de9a0\" data-element_type=\"widget\" data-e-type=\"widget\" data-widget_type=\"heading.default\">\n\t\t\t\t<div class=\"elementor-widget-container\">\n\t\t\t\t\t<h2 class=\"elementor-heading-title elementor-size-default\">Pieds carr\u00e9s bruts vs nets<\/h2>\t\t\t\t<\/div>\n\t\t\t\t<\/div>\n\t\t\t\t<div class=\"elementor-element elementor-element-c5814f7 elementor-widget__width-initial elementor-widget elementor-widget-text-editor\" data-id=\"c5814f7\" data-element_type=\"widget\" data-e-type=\"widget\" data-widget_type=\"text-editor.default\">\n\t\t\t\t<div class=\"elementor-widget-container\">\n\t\t\t\t\t\t\t\t\t<p><a href=\"#message-from-pres\" data-wplink-edit=\"true\">Learn More \u2193<\/a><\/p>\t\t\t\t\t\t\t\t<\/div>\n\t\t\t\t<\/div>\n\t\t\t\t<\/div>\n\t\t\t\t<\/div>\n\t\t\t\t<\/div>\n\t\t<div class=\"elementor-element elementor-element-090caa2 e-con-full expanding-sticky e-flex e-con e-parent\" data-id=\"090caa2\" data-element_type=\"container\" data-e-type=\"container\" data-settings=\"{&quot;background_background&quot;:&quot;classic&quot;,&quot;sticky&quot;:&quot;top&quot;,&quot;sticky_effects_offset&quot;:1,&quot;sticky_offset&quot;:88,&quot;sticky_on&quot;:[&quot;desktop&quot;],&quot;sticky_anchor_link_offset&quot;:0}\">\n\t\t\t\t<div class=\"elementor-element elementor-element-dc3aff5 elementor-widget elementor-widget-text-editor\" data-id=\"dc3aff5\" data-element_type=\"widget\" data-e-type=\"widget\" data-widget_type=\"text-editor.default\">\n\t\t\t\t<div class=\"elementor-widget-container\">\n\t\t\t\t\t\t\t\t\t<p><a href=\"https:\/\/www.samcon.ca\/fr\/about-us\/\">\u00c0 propos<\/a><\/p>\t\t\t\t\t\t\t\t<\/div>\n\t\t\t\t<\/div>\n\t\t\t\t<div class=\"elementor-element elementor-element-40ce10c elementor-widget elementor-widget-text-editor\" data-id=\"40ce10c\" data-element_type=\"widget\" data-e-type=\"widget\" data-widget_type=\"text-editor.default\">\n\t\t\t\t<div class=\"elementor-widget-container\">\n\t\t\t\t\t\t\t\t\t<p>|<\/p>\t\t\t\t\t\t\t\t<\/div>\n\t\t\t\t<\/div>\n\t\t\t\t<div class=\"elementor-element elementor-element-3beb126 elementor-widget elementor-widget-text-editor\" data-id=\"3beb126\" data-element_type=\"widget\" data-e-type=\"widget\" data-widget_type=\"text-editor.default\">\n\t\t\t\t<div class=\"elementor-widget-container\">\n\t\t\t\t\t\t\t\t\t<p><a href=\"https:\/\/www.samcon.ca\/fr\/prizes-awards\/\">Nos distinctions<\/a><\/p>\t\t\t\t\t\t\t\t<\/div>\n\t\t\t\t<\/div>\n\t\t\t\t<div class=\"elementor-element elementor-element-885e95b elementor-widget elementor-widget-text-editor\" data-id=\"885e95b\" data-element_type=\"widget\" data-e-type=\"widget\" data-widget_type=\"text-editor.default\">\n\t\t\t\t<div class=\"elementor-widget-container\">\n\t\t\t\t\t\t\t\t\t<p>|<\/p>\t\t\t\t\t\t\t\t<\/div>\n\t\t\t\t<\/div>\n\t\t\t\t<div class=\"elementor-element elementor-element-60e6ef8 elementor-widget elementor-widget-text-editor\" data-id=\"60e6ef8\" data-element_type=\"widget\" data-e-type=\"widget\" data-widget_type=\"text-editor.default\">\n\t\t\t\t<div class=\"elementor-widget-container\">\n\t\t\t\t\t\t\t\t\t<p><a href=\"https:\/\/www.samcon.ca\/fr\/our-realizations\/\">Nos r\u00e9alisations<\/a><\/p>\t\t\t\t\t\t\t\t<\/div>\n\t\t\t\t<\/div>\n\t\t\t\t<div class=\"elementor-element elementor-element-f17f5e8 elementor-widget elementor-widget-text-editor\" data-id=\"f17f5e8\" data-element_type=\"widget\" data-e-type=\"widget\" data-widget_type=\"text-editor.default\">\n\t\t\t\t<div class=\"elementor-widget-container\">\n\t\t\t\t\t\t\t\t\t<p>|<\/p>\t\t\t\t\t\t\t\t<\/div>\n\t\t\t\t<\/div>\n\t\t\t\t<div class=\"elementor-element elementor-element-4edf6fd elementor-widget elementor-widget-text-editor\" data-id=\"4edf6fd\" data-element_type=\"widget\" data-e-type=\"widget\" data-widget_type=\"text-editor.default\">\n\t\t\t\t<div class=\"elementor-widget-container\">\n\t\t\t\t\t\t\t\t\t<p><a href=\"https:\/\/www.samcon.ca\/fr\/condo-financing\/\">Financement et subventions<\/a><\/p>\t\t\t\t\t\t\t\t<\/div>\n\t\t\t\t<\/div>\n\t\t\t\t<div class=\"elementor-element elementor-element-7b05ec6 elementor-widget elementor-widget-text-editor\" data-id=\"7b05ec6\" data-element_type=\"widget\" data-e-type=\"widget\" data-widget_type=\"text-editor.default\">\n\t\t\t\t<div class=\"elementor-widget-container\">\n\t\t\t\t\t\t\t\t\t<p>|<\/p>\t\t\t\t\t\t\t\t<\/div>\n\t\t\t\t<\/div>\n\t\t\t\t<div class=\"elementor-element elementor-element-c33255d elementor-widget elementor-widget-text-editor\" data-id=\"c33255d\" data-element_type=\"widget\" data-e-type=\"widget\" data-widget_type=\"text-editor.default\">\n\t\t\t\t<div class=\"elementor-widget-container\">\n\t\t\t\t\t\t\t\t\t<p><a href=\"https:\/\/www.samcon.ca\/fr\/samcon-in-the-community\/\">Charit\u00e9<\/a><\/p>\t\t\t\t\t\t\t\t<\/div>\n\t\t\t\t<\/div>\n\t\t\t\t<div class=\"elementor-element elementor-element-0330755 elementor-widget elementor-widget-text-editor\" data-id=\"0330755\" data-element_type=\"widget\" data-e-type=\"widget\" data-widget_type=\"text-editor.default\">\n\t\t\t\t<div class=\"elementor-widget-container\">\n\t\t\t\t\t\t\t\t\t<p>|<\/p>\t\t\t\t\t\t\t\t<\/div>\n\t\t\t\t<\/div>\n\t\t\t\t<div class=\"elementor-element elementor-element-2898f56 elementor-widget elementor-widget-text-editor\" data-id=\"2898f56\" data-element_type=\"widget\" data-e-type=\"widget\" data-widget_type=\"text-editor.default\">\n\t\t\t\t<div class=\"elementor-widget-container\">\n\t\t\t\t\t\t\t\t\t<p><a href=\"https:\/\/www.samcon.ca\/fr\/deposit-warranties\/\">D\u00e9p\u00f4t et garantie<\/a><\/p>\t\t\t\t\t\t\t\t<\/div>\n\t\t\t\t<\/div>\n\t\t\t\t<div class=\"elementor-element elementor-element-869aa14 elementor-widget elementor-widget-text-editor\" data-id=\"869aa14\" data-element_type=\"widget\" data-e-type=\"widget\" data-widget_type=\"text-editor.default\">\n\t\t\t\t<div class=\"elementor-widget-container\">\n\t\t\t\t\t\t\t\t\t<p>|<\/p>\t\t\t\t\t\t\t\t<\/div>\n\t\t\t\t<\/div>\n\t\t\t\t<div class=\"elementor-element elementor-element-111c042 elementor-widget elementor-widget-text-editor\" data-id=\"111c042\" data-element_type=\"widget\" data-e-type=\"widget\" data-widget_type=\"text-editor.default\">\n\t\t\t\t<div class=\"elementor-widget-container\">\n\t\t\t\t\t\t\t\t\t<p><a href=\"https:\/\/www.samcon.ca\/fr\/gross-vs-net-sqft\/\">Pieds carr\u00e9s bruts vs nets<\/a><\/p>\t\t\t\t\t\t\t\t<\/div>\n\t\t\t\t<\/div>\n\t\t\t\t<\/div>\n\t\t<div class=\"elementor-element elementor-element-f6d9ca9 e-flex e-con-boxed e-con e-parent\" data-id=\"f6d9ca9\" data-element_type=\"container\" data-e-type=\"container\" id=\"learn\">\n\t\t\t\t\t<div class=\"e-con-inner\">\n\t\t<div class=\"elementor-element elementor-element-8a229ce e-con-full e-flex e-con e-child\" data-id=\"8a229ce\" data-element_type=\"container\" data-e-type=\"container\">\n\t\t\t\t<div class=\"elementor-element elementor-element-ded8f35 elementor-widget elementor-widget-heading\" data-id=\"ded8f35\" data-element_type=\"widget\" data-e-type=\"widget\" data-widget_type=\"heading.default\">\n\t\t\t\t<div class=\"elementor-widget-container\">\n\t\t\t\t\t<h2 class=\"elementor-heading-title elementor-size-default\">Qu\u2019est-ce que les pieds carr\u00e9s bruts?<\/h2>\t\t\t\t<\/div>\n\t\t\t\t<\/div>\n\t\t\t\t<div class=\"elementor-element elementor-element-fe0c345 elementor-widget elementor-widget-text-editor\" data-id=\"fe0c345\" data-element_type=\"widget\" data-e-type=\"widget\" data-widget_type=\"text-editor.default\">\n\t\t\t\t<div class=\"elementor-widget-container\">\n\t\t\t\t\t\t\t\t\t<p>Les pieds carr\u00e9s bruts (GSF) sont la quantit\u00e9 totale de pieds carr\u00e9s d'un b\u00e2timent. Cela inclut tous les espaces \u00e0 l'int\u00e9rieur des faces ext\u00e9rieures des murs ext\u00e9rieurs. Les exemples inclus dans cette mesure sont les espaces communs, les zones d'entretien et d'exploitation, les balcons, les greniers, les passerelles, les couloirs et toutes les autres parties d'un b\u00e2timent qui sont accessibles \u00e0 l'int\u00e9rieur d'un b\u00e2timent. Cela signifie que GSF n'inclut pas les parkings et autres espaces ouverts comme les piscines et les sous-sols non excav\u00e9s. Certains budgets de construction ont des co\u00fbts estim\u00e9s en fonction des pieds carr\u00e9s bruts du b\u00e2timent.<\/p>\t\t\t\t\t\t\t\t<\/div>\n\t\t\t\t<\/div>\n\t\t\t\t<\/div>\n\t\t\t\t\t<\/div>\n\t\t\t\t<\/div>\n\t\t<div class=\"elementor-element elementor-element-fe19673 e-flex e-con-boxed e-con e-parent\" data-id=\"fe19673\" data-element_type=\"container\" data-e-type=\"container\">\n\t\t\t\t\t<div class=\"e-con-inner\">\n\t\t<div class=\"elementor-element elementor-element-43e2daa e-con-full e-flex e-con e-child\" data-id=\"43e2daa\" data-element_type=\"container\" data-e-type=\"container\">\n\t\t\t\t<div class=\"elementor-element elementor-element-a6ea1dd elementor-widget elementor-widget-heading\" data-id=\"a6ea1dd\" data-element_type=\"widget\" data-e-type=\"widget\" data-widget_type=\"heading.default\">\n\t\t\t\t<div class=\"elementor-widget-container\">\n\t\t\t\t\t<h2 class=\"elementor-heading-title elementor-size-default\">Qu\u2019est-ce que les pieds carr\u00e9s nets?<\/h2>\t\t\t\t<\/div>\n\t\t\t\t<\/div>\n\t\t\t\t<div class=\"elementor-element elementor-element-0cc19ac elementor-widget elementor-widget-text-editor\" data-id=\"0cc19ac\" data-element_type=\"widget\" data-e-type=\"widget\" data-widget_type=\"text-editor.default\">\n\t\t\t\t<div class=\"elementor-widget-container\">\n\t\t\t\t\t\t\t\t\t<p>Les pieds carr\u00e9s nets (NSF) sont une autre mesure populaire pour mesurer les propri\u00e9t\u00e9s immobili\u00e8res. NSF est d\u00e9fini par l'espace accessible d'un b\u00e2timent et comprend la plupart des espaces \u00e0 l'int\u00e9rieur des murs \u00e0 surface finie int\u00e9rieure d'un b\u00e2timent. Le calcul du NSF est plus difficile \u00e0 calculer que le GSF, mais il est utile pour les locataires de savoir combien d'espace est disponible pour leur utilisation. Les pieds carr\u00e9s nets sont compos\u00e9s de pieds carr\u00e9s attribuables et de pieds carr\u00e9s non attribuables.<\/p>\t\t\t\t\t\t\t\t<\/div>\n\t\t\t\t<\/div>\n\t\t\t\t<\/div>\n\t\t\t\t\t<\/div>\n\t\t\t\t<\/div>\n\t\t<div class=\"elementor-element elementor-element-9d309e8 e-flex e-con-boxed e-con e-parent\" data-id=\"9d309e8\" data-element_type=\"container\" data-e-type=\"container\">\n\t\t\t\t\t<div class=\"e-con-inner\">\n\t\t\t\t<div class=\"elementor-element elementor-element-80f9c15 elementor-widget elementor-widget-image\" data-id=\"80f9c15\" data-element_type=\"widget\" data-e-type=\"widget\" data-widget_type=\"image.default\">\n\t\t\t\t<div class=\"elementor-widget-container\">\n\t\t\t\t\t\t\t\t\t\t\t\t\t\t\t<img fetchpriority=\"high\" decoding=\"async\" width=\"800\" height=\"581\" src=\"https:\/\/www.samcon.ca\/wp-content\/uploads\/2025\/06\/gvsnsqft-1.png\" class=\"attachment-large size-large wp-image-10159\" alt=\"\" srcset=\"https:\/\/www.samcon.ca\/wp-content\/uploads\/2025\/06\/gvsnsqft-1.png 1055w, https:\/\/www.samcon.ca\/wp-content\/uploads\/2025\/06\/gvsnsqft-1-300x218.png 300w\" sizes=\"(max-width: 800px) 100vw, 800px\" \/>\t\t\t\t\t\t\t\t\t\t\t\t\t\t\t<\/div>\n\t\t\t\t<\/div>\n\t\t\t\t\t<\/div>\n\t\t\t\t<\/div>\n\t\t<div class=\"elementor-element elementor-element-281a974 e-flex e-con-boxed e-con e-parent\" data-id=\"281a974\" data-element_type=\"container\" data-e-type=\"container\">\n\t\t\t\t\t<div class=\"e-con-inner\">\n\t\t<div class=\"elementor-element elementor-element-f6ffa89 e-con-full e-flex e-con e-child\" data-id=\"f6ffa89\" data-element_type=\"container\" data-e-type=\"container\">\n\t\t\t\t<div class=\"elementor-element elementor-element-fa48ff7 elementor-widget elementor-widget-heading\" data-id=\"fa48ff7\" data-element_type=\"widget\" data-e-type=\"widget\" data-widget_type=\"heading.default\">\n\t\t\t\t<div class=\"elementor-widget-container\">\n\t\t\t\t\t<h2 class=\"elementor-heading-title elementor-size-default\">Important \u00e0 savoir<\/h2>\t\t\t\t<\/div>\n\t\t\t\t<\/div>\n\t\t\t\t<div class=\"elementor-element elementor-element-ea1284c elementor-widget elementor-widget-text-editor\" data-id=\"ea1284c\" data-element_type=\"widget\" data-e-type=\"widget\" data-widget_type=\"text-editor.default\">\n\t\t\t\t<div class=\"elementor-widget-container\">\n\t\t\t\t\t\t\t\t\t<p>Au Qu\u00e9bec, un promoteur est autoris\u00e9 jusqu'\u00e0 10 % de \u00ab variance \u00bb entre la superficie \u00ab brute \u00bb et la superficie \u00ab nette \u00bb. La chose la plus importante que vous devez savoir dans tout cela est qu'il n'est PAS l\u00e9gal pour vous de revendre sur la base de la superficie \"brute\". Vous DEVEZ d\u00e9clarer la superficie nette en pieds carr\u00e9s.<\/p>\t\t\t\t\t\t\t\t<\/div>\n\t\t\t\t<\/div>\n\t\t\t\t<\/div>\n\t\t\t\t\t<\/div>\n\t\t\t\t<\/div>\n\t\t\t\t<\/div>","protected":false},"excerpt":{"rendered":"<p>Gross vs Net Sqft Learn More \u2193 About Us | Our Awards | Our Realizations | Financing &amp; Grants | [&hellip;]<\/p>","protected":false},"author":1,"featured_media":0,"parent":0,"menu_order":0,"comment_status":"closed","ping_status":"closed","template":"","meta":{"footnotes":""},"pagetype":[],"class_list":["post-10158","page","type-page","status-publish","hentry"],"acf":[],"yoast_head":"<!-- This site is optimized with the Yoast SEO plugin v27.4 - https:\/\/yoast.com\/product\/yoast-seo-wordpress\/ -->\n<title>Gross Sq.ft Vs Net Sq.ft - Samcon<\/title>\n<meta name=\"robots\" content=\"index, follow, max-snippet:-1, max-image-preview:large, max-video-preview:-1\" \/>\n<link rel=\"canonical\" href=\"https:\/\/www.samcon.ca\/fr\/gross-vs-net-sqft\/\" \/>\n<meta property=\"og:locale\" content=\"fr_CA\" \/>\n<meta property=\"og:type\" content=\"article\" \/>\n<meta property=\"og:title\" content=\"Gross Sq.ft Vs Net Sq.ft - Samcon\" \/>\n<meta property=\"og:description\" content=\"Gross vs Net Sqft Learn More \u2193 About Us | Our Awards | Our Realizations | Financing &amp; Grants | [&hellip;]\" \/>\n<meta property=\"og:url\" content=\"https:\/\/www.samcon.ca\/fr\/gross-vs-net-sqft\/\" \/>\n<meta property=\"og:site_name\" content=\"Samcon\" \/>\n<meta property=\"article:modified_time\" content=\"2025-07-26T14:14:24+00:00\" \/>\n<meta property=\"og:image\" content=\"https:\/\/www.samcon.ca\/wp-content\/uploads\/2025\/06\/gvsnsqft-1.png\" \/>\n\t<meta property=\"og:image:width\" content=\"1055\" \/>\n\t<meta property=\"og:image:height\" content=\"766\" \/>\n\t<meta property=\"og:image:type\" content=\"image\/png\" \/>\n<meta name=\"twitter:card\" content=\"summary_large_image\" \/>\n<meta name=\"twitter:label1\" content=\"Estimation du temps de lecture\" \/>\n\t<meta name=\"twitter:data1\" content=\"2 minutes\" \/>\n<script type=\"application\/ld+json\" class=\"yoast-schema-graph\">{\"@context\":\"https:\\\/\\\/schema.org\",\"@graph\":[{\"@type\":\"WebPage\",\"@id\":\"https:\\\/\\\/www.samcon.ca\\\/gross-vs-net-sqft\\\/\",\"url\":\"https:\\\/\\\/www.samcon.ca\\\/gross-vs-net-sqft\\\/\",\"name\":\"Gross Sq.ft Vs Net Sq.ft - Samcon\",\"isPartOf\":{\"@id\":\"https:\\\/\\\/www.samcon.ca\\\/#website\"},\"primaryImageOfPage\":{\"@id\":\"https:\\\/\\\/www.samcon.ca\\\/gross-vs-net-sqft\\\/#primaryimage\"},\"image\":{\"@id\":\"https:\\\/\\\/www.samcon.ca\\\/gross-vs-net-sqft\\\/#primaryimage\"},\"thumbnailUrl\":\"https:\\\/\\\/www.samcon.ca\\\/wp-content\\\/uploads\\\/2025\\\/06\\\/gvsnsqft-1.png\",\"datePublished\":\"2025-06-30T13:38:42+00:00\",\"dateModified\":\"2025-07-26T14:14:24+00:00\",\"breadcrumb\":{\"@id\":\"https:\\\/\\\/www.samcon.ca\\\/gross-vs-net-sqft\\\/#breadcrumb\"},\"inLanguage\":\"fr-CA\",\"potentialAction\":[{\"@type\":\"ReadAction\",\"target\":[\"https:\\\/\\\/www.samcon.ca\\\/gross-vs-net-sqft\\\/\"]}]},{\"@type\":\"ImageObject\",\"inLanguage\":\"fr-CA\",\"@id\":\"https:\\\/\\\/www.samcon.ca\\\/gross-vs-net-sqft\\\/#primaryimage\",\"url\":\"https:\\\/\\\/www.samcon.ca\\\/wp-content\\\/uploads\\\/2025\\\/06\\\/gvsnsqft-1.png\",\"contentUrl\":\"https:\\\/\\\/www.samcon.ca\\\/wp-content\\\/uploads\\\/2025\\\/06\\\/gvsnsqft-1.png\"},{\"@type\":\"BreadcrumbList\",\"@id\":\"https:\\\/\\\/www.samcon.ca\\\/gross-vs-net-sqft\\\/#breadcrumb\",\"itemListElement\":[{\"@type\":\"ListItem\",\"position\":1,\"name\":\"Home\",\"item\":\"https:\\\/\\\/www.samcon.ca\\\/\"},{\"@type\":\"ListItem\",\"position\":2,\"name\":\"Gross Sq.ft Vs Net Sq.ft\"}]},{\"@type\":\"WebSite\",\"@id\":\"https:\\\/\\\/www.samcon.ca\\\/#website\",\"url\":\"https:\\\/\\\/www.samcon.ca\\\/\",\"name\":\"Samcon\",\"description\":\"Condo Montreal\",\"publisher\":{\"@id\":\"https:\\\/\\\/www.samcon.ca\\\/#organization\"},\"potentialAction\":[{\"@type\":\"SearchAction\",\"target\":{\"@type\":\"EntryPoint\",\"urlTemplate\":\"https:\\\/\\\/www.samcon.ca\\\/?s={search_term_string}\"},\"query-input\":{\"@type\":\"PropertyValueSpecification\",\"valueRequired\":true,\"valueName\":\"search_term_string\"}}],\"inLanguage\":\"fr-CA\"},{\"@type\":\"Organization\",\"@id\":\"https:\\\/\\\/www.samcon.ca\\\/#organization\",\"name\":\"Samcon\",\"url\":\"https:\\\/\\\/www.samcon.ca\\\/\",\"logo\":{\"@type\":\"ImageObject\",\"inLanguage\":\"fr-CA\",\"@id\":\"https:\\\/\\\/www.samcon.ca\\\/#\\\/schema\\\/logo\\\/image\\\/\",\"url\":\"https:\\\/\\\/www.samcon.ca\\\/wp-content\\\/uploads\\\/2020\\\/11\\\/Recurso-100j.png\",\"contentUrl\":\"https:\\\/\\\/www.samcon.ca\\\/wp-content\\\/uploads\\\/2020\\\/11\\\/Recurso-100j.png\",\"width\":1739,\"height\":695,\"caption\":\"Samcon\"},\"image\":{\"@id\":\"https:\\\/\\\/www.samcon.ca\\\/#\\\/schema\\\/logo\\\/image\\\/\"}}]}<\/script>\n<!-- \/ Yoast SEO plugin. -->","yoast_head_json":{"title":"Gross Sq.ft Vs Net Sq.ft - Samcon","robots":{"index":"index","follow":"follow","max-snippet":"max-snippet:-1","max-image-preview":"max-image-preview:large","max-video-preview":"max-video-preview:-1"},"canonical":"https:\/\/www.samcon.ca\/fr\/gross-vs-net-sqft\/","og_locale":"fr_CA","og_type":"article","og_title":"Gross Sq.ft Vs Net Sq.ft - Samcon","og_description":"Gross vs Net Sqft Learn More \u2193 About Us | Our Awards | Our Realizations | Financing &amp; Grants | [&hellip;]","og_url":"https:\/\/www.samcon.ca\/fr\/gross-vs-net-sqft\/","og_site_name":"Samcon","article_modified_time":"2025-07-26T14:14:24+00:00","og_image":[{"width":1055,"height":766,"url":"https:\/\/www.samcon.ca\/wp-content\/uploads\/2025\/06\/gvsnsqft-1.png","type":"image\/png"}],"twitter_card":"summary_large_image","twitter_misc":{"Estimation du temps de lecture":"2 minutes"},"schema":{"@context":"https:\/\/schema.org","@graph":[{"@type":"WebPage","@id":"https:\/\/www.samcon.ca\/gross-vs-net-sqft\/","url":"https:\/\/www.samcon.ca\/gross-vs-net-sqft\/","name":"Gross Sq.ft Vs Net Sq.ft - Samcon","isPartOf":{"@id":"https:\/\/www.samcon.ca\/#website"},"primaryImageOfPage":{"@id":"https:\/\/www.samcon.ca\/gross-vs-net-sqft\/#primaryimage"},"image":{"@id":"https:\/\/www.samcon.ca\/gross-vs-net-sqft\/#primaryimage"},"thumbnailUrl":"https:\/\/www.samcon.ca\/wp-content\/uploads\/2025\/06\/gvsnsqft-1.png","datePublished":"2025-06-30T13:38:42+00:00","dateModified":"2025-07-26T14:14:24+00:00","breadcrumb":{"@id":"https:\/\/www.samcon.ca\/gross-vs-net-sqft\/#breadcrumb"},"inLanguage":"fr-CA","potentialAction":[{"@type":"ReadAction","target":["https:\/\/www.samcon.ca\/gross-vs-net-sqft\/"]}]},{"@type":"ImageObject","inLanguage":"fr-CA","@id":"https:\/\/www.samcon.ca\/gross-vs-net-sqft\/#primaryimage","url":"https:\/\/www.samcon.ca\/wp-content\/uploads\/2025\/06\/gvsnsqft-1.png","contentUrl":"https:\/\/www.samcon.ca\/wp-content\/uploads\/2025\/06\/gvsnsqft-1.png"},{"@type":"BreadcrumbList","@id":"https:\/\/www.samcon.ca\/gross-vs-net-sqft\/#breadcrumb","itemListElement":[{"@type":"ListItem","position":1,"name":"Home","item":"https:\/\/www.samcon.ca\/"},{"@type":"ListItem","position":2,"name":"Gross Sq.ft Vs Net Sq.ft"}]},{"@type":"WebSite","@id":"https:\/\/www.samcon.ca\/#website","url":"https:\/\/www.samcon.ca\/","name":"Samcon","description":"Condo Montreal","publisher":{"@id":"https:\/\/www.samcon.ca\/#organization"},"potentialAction":[{"@type":"SearchAction","target":{"@type":"EntryPoint","urlTemplate":"https:\/\/www.samcon.ca\/?s={search_term_string}"},"query-input":{"@type":"PropertyValueSpecification","valueRequired":true,"valueName":"search_term_string"}}],"inLanguage":"fr-CA"},{"@type":"Organization","@id":"https:\/\/www.samcon.ca\/#organization","name":"Samcon","url":"https:\/\/www.samcon.ca\/","logo":{"@type":"ImageObject","inLanguage":"fr-CA","@id":"https:\/\/www.samcon.ca\/#\/schema\/logo\/image\/","url":"https:\/\/www.samcon.ca\/wp-content\/uploads\/2020\/11\/Recurso-100j.png","contentUrl":"https:\/\/www.samcon.ca\/wp-content\/uploads\/2020\/11\/Recurso-100j.png","width":1739,"height":695,"caption":"Samcon"},"image":{"@id":"https:\/\/www.samcon.ca\/#\/schema\/logo\/image\/"}}]}},"_links":{"self":[{"href":"https:\/\/www.samcon.ca\/fr\/wp-json\/wp\/v2\/pages\/10158","targetHints":{"allow":["GET"]}}],"collection":[{"href":"https:\/\/www.samcon.ca\/fr\/wp-json\/wp\/v2\/pages"}],"about":[{"href":"https:\/\/www.samcon.ca\/fr\/wp-json\/wp\/v2\/types\/page"}],"author":[{"embeddable":true,"href":"https:\/\/www.samcon.ca\/fr\/wp-json\/wp\/v2\/users\/1"}],"replies":[{"embeddable":true,"href":"https:\/\/www.samcon.ca\/fr\/wp-json\/wp\/v2\/comments?post=10158"}],"version-history":[{"count":0,"href":"https:\/\/www.samcon.ca\/fr\/wp-json\/wp\/v2\/pages\/10158\/revisions"}],"wp:attachment":[{"href":"https:\/\/www.samcon.ca\/fr\/wp-json\/wp\/v2\/media?parent=10158"}],"wp:term":[{"taxonomy":"pagetype","embeddable":true,"href":"https:\/\/www.samcon.ca\/fr\/wp-json\/wp\/v2\/pagetype?post=10158"}],"curies":[{"name":"wp","href":"https:\/\/api.w.org\/{rel}","templated":true}]}}