{"id":2238,"date":"2020-12-26T22:44:59","date_gmt":"2020-12-26T22:44:59","guid":{"rendered":"https:\/\/samcon.ca\/stationnements\/"},"modified":"2022-10-18T14:50:15","modified_gmt":"2022-10-18T14:50:15","slug":"stationnements","status":"publish","type":"page","link":"https:\/\/www.samcon.ca\/fr\/stationnements\/","title":{"rendered":"Stationnements"},"content":{"rendered":"<div data-elementor-type=\"wp-page\" data-elementor-id=\"2238\" class=\"elementor elementor-2238\" data-elementor-post-type=\"page\">\n\t\t\t\t\t\t<section class=\"elementor-section elementor-top-section elementor-element elementor-element-c80e89a elementor-section-height-min-height elementor-section-boxed elementor-section-height-default elementor-section-items-middle\" data-id=\"c80e89a\" data-element_type=\"section\" data-e-type=\"section\" data-settings=\"{&quot;background_background&quot;:&quot;classic&quot;}\">\n\t\t\t\t\t\t\t<div class=\"elementor-background-overlay\"><\/div>\n\t\t\t\t\t\t\t<div class=\"elementor-container elementor-column-gap-default\">\n\t\t\t\t\t<div class=\"elementor-column elementor-col-100 elementor-top-column elementor-element elementor-element-584e09d\" data-id=\"584e09d\" data-element_type=\"column\" data-e-type=\"column\">\n\t\t\t<div class=\"elementor-widget-wrap elementor-element-populated\">\n\t\t\t\t\t\t<div class=\"elementor-element elementor-element-651ac3e elementor-widget elementor-widget-heading\" data-id=\"651ac3e\" data-element_type=\"widget\" data-e-type=\"widget\" data-widget_type=\"heading.default\">\n\t\t\t\t<div class=\"elementor-widget-container\">\n\t\t\t\t\t<h1 class=\"elementor-heading-title elementor-size-default\">Stationnements<\/h1>\t\t\t\t<\/div>\n\t\t\t\t<\/div>\n\t\t\t\t\t<\/div>\n\t\t<\/div>\n\t\t\t\t\t<\/div>\n\t\t<\/section>\n\t\t\t\t<section class=\"elementor-section elementor-top-section elementor-element elementor-element-fe2d94c elementor-section-boxed elementor-section-height-default elementor-section-height-default\" data-id=\"fe2d94c\" data-element_type=\"section\" data-e-type=\"section\" data-settings=\"{&quot;background_background&quot;:&quot;classic&quot;}\">\n\t\t\t\t\t\t<div class=\"elementor-container elementor-column-gap-default\">\n\t\t\t\t\t<div class=\"elementor-column elementor-col-100 elementor-top-column elementor-element elementor-element-ef3cf6d\" data-id=\"ef3cf6d\" data-element_type=\"column\" data-e-type=\"column\">\n\t\t\t<div class=\"elementor-widget-wrap elementor-element-populated\">\n\t\t\t\t\t\t<div class=\"elementor-element elementor-element-05c16c2 elementor-widget elementor-widget-heading\" data-id=\"05c16c2\" data-element_type=\"widget\" data-e-type=\"widget\" data-widget_type=\"heading.default\">\n\t\t\t\t<div class=\"elementor-widget-container\">\n\t\t\t\t\t<h2 class=\"elementor-heading-title elementor-size-default\">Projets disponibles<\/h2>\t\t\t\t<\/div>\n\t\t\t\t<\/div>\n\t\t\t\t<div class=\"elementor-element elementor-element-b53e4ec elementor-widget-divider--view-line elementor-widget elementor-widget-divider\" data-id=\"b53e4ec\" data-element_type=\"widget\" data-e-type=\"widget\" data-widget_type=\"divider.default\">\n\t\t\t\t<div class=\"elementor-widget-container\">\n\t\t\t\t\t\t\t<div class=\"elementor-divider\">\n\t\t\t<span class=\"elementor-divider-separator\">\n\t\t\t\t\t\t<\/span>\n\t\t<\/div>\n\t\t\t\t\t\t<\/div>\n\t\t\t\t<\/div>\n\t\t\t\t\t<\/div>\n\t\t<\/div>\n\t\t\t\t\t<\/div>\n\t\t<\/section>\n\t\t\t\t<section class=\"elementor-section elementor-top-section elementor-element elementor-element-66eff25 elementor-section-boxed elementor-section-height-default elementor-section-height-default\" data-id=\"66eff25\" data-element_type=\"section\" data-e-type=\"section\">\n\t\t\t\t\t\t<div class=\"elementor-container elementor-column-gap-no\">\n\t\t\t\t\t<div class=\"elementor-column elementor-col-33 elementor-top-column elementor-element elementor-element-06ee190\" data-id=\"06ee190\" data-element_type=\"column\" data-e-type=\"column\">\n\t\t\t<div class=\"elementor-widget-wrap elementor-element-populated\">\n\t\t\t\t\t\t<div class=\"elementor-element elementor-element-107627f elementor-widget elementor-widget-image\" data-id=\"107627f\" data-element_type=\"widget\" data-e-type=\"widget\" data-widget_type=\"image.default\">\n\t\t\t\t<div class=\"elementor-widget-container\">\n\t\t\t\t\t\t\t\t\t\t\t\t\t\t\t<img fetchpriority=\"high\" decoding=\"async\" width=\"725\" height=\"420\" src=\"https:\/\/www.samcon.ca\/wp-content\/uploads\/2020\/12\/474_t.jpg\" class=\"attachment-medium_large size-medium_large wp-image-2220\" alt=\"\" srcset=\"https:\/\/www.samcon.ca\/wp-content\/uploads\/2020\/12\/474_t.jpg 725w, https:\/\/www.samcon.ca\/wp-content\/uploads\/2020\/12\/474_t-300x174.jpg 300w\" sizes=\"(max-width: 725px) 100vw, 725px\" \/>\t\t\t\t\t\t\t\t\t\t\t\t\t\t\t<\/div>\n\t\t\t\t<\/div>\n\t\t\t\t<div class=\"elementor-element elementor-element-43765f5 elementor-widget elementor-widget-heading\" data-id=\"43765f5\" data-element_type=\"widget\" data-e-type=\"widget\" data-widget_type=\"heading.default\">\n\t\t\t\t<div class=\"elementor-widget-container\">\n\t\t\t\t\t<h2 class=\"elementor-heading-title elementor-size-default\">Stationnement Drummond<\/h2>\t\t\t\t<\/div>\n\t\t\t\t<\/div>\n\t\t\t\t<div class=\"elementor-element elementor-element-8a4f95b elementor-widget elementor-widget-text-editor\" data-id=\"8a4f95b\" data-element_type=\"widget\" data-e-type=\"widget\" data-widget_type=\"text-editor.default\">\n\t\t\t\t<div class=\"elementor-widget-container\">\n\t\t\t\t\t\t\t\t\t<p>Poss\u00e9dez votre stationnement souterrain int\u00e9rieur au centre-ville de Montr\u00e9al<\/p><p>Location annuelle Disponible \u00e0 partir de 300$ par mois<\/p><p><strong>Address:<\/strong> 1239 Drummond, Montreal, Qc<\/p><p><strong>Cartier:<\/strong> Centre-Ville<\/p><p><strong>Prix:<\/strong> $55,900<\/p><p><strong>T\u00e9l\u00e9phone:<\/strong> 438-499-8887<\/p><p><a href=\"mailto:karen.ohana@remax-quebec.com\">karenohana@karenohana.com<\/a><\/p><p><a href=\"https:\/\/karenohana.com\/\">karenohana.com<\/a><\/p><p><span style=\"text-decoration: underline;\">Karen Ohana<\/span><\/p>\t\t\t\t\t\t\t\t<\/div>\n\t\t\t\t<\/div>\n\t\t\t\t<div class=\"elementor-element elementor-element-5ea1f4a elementor-align-center elementor-widget elementor-widget-button\" data-id=\"5ea1f4a\" data-element_type=\"widget\" data-e-type=\"widget\" data-widget_type=\"button.default\">\n\t\t\t\t<div class=\"elementor-widget-container\">\n\t\t\t\t\t\t\t\t\t<div class=\"elementor-button-wrapper\">\n\t\t\t\t\t<a class=\"elementor-button elementor-button-link elementor-size-sm elementor-animation-grow\" href=\"https:\/\/www.samcon.ca\/fr\/enquete\/?property-type=parking\">\n\t\t\t\t\t\t<span class=\"elementor-button-content-wrapper\">\n\t\t\t\t\t\t<span class=\"elementor-button-icon\">\n\t\t\t\t<i aria-hidden=\"true\" class=\"fas fa-envelope\"><\/i>\t\t\t<\/span>\n\t\t\t\t\t\t\t\t\t<span class=\"elementor-button-text\">Contacter maintenant<\/span>\n\t\t\t\t\t<\/span>\n\t\t\t\t\t<\/a>\n\t\t\t\t<\/div>\n\t\t\t\t\t\t\t\t<\/div>\n\t\t\t\t<\/div>\n\t\t\t\t\t<\/div>\n\t\t<\/div>\n\t\t\t\t<div class=\"elementor-column elementor-col-66 elementor-top-column elementor-element elementor-element-b61d40f\" data-id=\"b61d40f\" data-element_type=\"column\" data-e-type=\"column\">\n\t\t\t<div class=\"elementor-widget-wrap elementor-element-populated\">\n\t\t\t\t\t\t<div class=\"elementor-element elementor-element-80825b7 elementor-widget elementor-widget-gallery\" data-id=\"80825b7\" data-element_type=\"widget\" data-e-type=\"widget\" data-settings=\"{&quot;columns&quot;:2,&quot;gap&quot;:{&quot;unit&quot;:&quot;px&quot;,&quot;size&quot;:0,&quot;sizes&quot;:[]},&quot;lazyload&quot;:&quot;yes&quot;,&quot;gallery_layout&quot;:&quot;grid&quot;,&quot;columns_tablet&quot;:2,&quot;columns_mobile&quot;:1,&quot;gap_tablet&quot;:{&quot;unit&quot;:&quot;px&quot;,&quot;size&quot;:10,&quot;sizes&quot;:[]},&quot;gap_mobile&quot;:{&quot;unit&quot;:&quot;px&quot;,&quot;size&quot;:10,&quot;sizes&quot;:[]},&quot;link_to&quot;:&quot;file&quot;,&quot;aspect_ratio&quot;:&quot;3:2&quot;,&quot;overlay_background&quot;:&quot;yes&quot;,&quot;content_hover_animation&quot;:&quot;fade-in&quot;}\" data-widget_type=\"gallery.default\">\n\t\t\t\t<div class=\"elementor-widget-container\">\n\t\t\t\t\t\t\t<div class=\"elementor-gallery__container\">\n\t\t\t\t\t\t\t<a class=\"e-gallery-item elementor-gallery-item elementor-animated-content\" href=\"https:\/\/www.samcon.ca\/wp-content\/uploads\/2020\/12\/475_t-1.jpg\" data-elementor-open-lightbox=\"yes\" data-elementor-lightbox-slideshow=\"80825b7\" data-elementor-lightbox-title=\"475_t\" data-e-action-hash=\"#elementor-action%3Aaction%3Dlightbox%26settings%3DeyJpZCI6MjIxMiwidXJsIjoiaHR0cHM6XC9cL3d3dy5zYW1jb24uY2FcL3dwLWNvbnRlbnRcL3VwbG9hZHNcLzIwMjBcLzEyXC80NzVfdC0xLmpwZyIsInNsaWRlc2hvdyI6IjgwODI1YjcifQ%3D%3D\">\n\t\t\t\t\t<div class=\"e-gallery-image elementor-gallery-item__image\" data-thumbnail=\"https:\/\/www.samcon.ca\/wp-content\/uploads\/2020\/12\/475_t-1.jpg\" data-width=\"725\" data-height=\"420\" aria-label=\"\" role=\"img\" ><\/div>\n\t\t\t\t\t\t\t\t\t\t\t<div class=\"elementor-gallery-item__overlay\"><\/div>\n\t\t\t\t\t\t\t\t\t\t\t\t\t\t<\/a>\n\t\t\t\t\t\t\t<a class=\"e-gallery-item elementor-gallery-item elementor-animated-content\" href=\"https:\/\/www.samcon.ca\/wp-content\/uploads\/2020\/12\/476_t.jpg\" data-elementor-open-lightbox=\"yes\" data-elementor-lightbox-slideshow=\"80825b7\" data-elementor-lightbox-title=\"476_t\" data-e-action-hash=\"#elementor-action%3Aaction%3Dlightbox%26settings%3DeyJpZCI6MjIxNCwidXJsIjoiaHR0cHM6XC9cL3d3dy5zYW1jb24uY2FcL3dwLWNvbnRlbnRcL3VwbG9hZHNcLzIwMjBcLzEyXC80NzZfdC5qcGciLCJzbGlkZXNob3ciOiI4MDgyNWI3In0%3D\">\n\t\t\t\t\t<div class=\"e-gallery-image elementor-gallery-item__image\" data-thumbnail=\"https:\/\/www.samcon.ca\/wp-content\/uploads\/2020\/12\/476_t.jpg\" data-width=\"725\" data-height=\"420\" aria-label=\"\" role=\"img\" ><\/div>\n\t\t\t\t\t\t\t\t\t\t\t<div class=\"elementor-gallery-item__overlay\"><\/div>\n\t\t\t\t\t\t\t\t\t\t\t\t\t\t<\/a>\n\t\t\t\t\t\t\t<a class=\"e-gallery-item elementor-gallery-item elementor-animated-content\" href=\"https:\/\/www.samcon.ca\/wp-content\/uploads\/2020\/12\/471_t.jpg\" data-elementor-open-lightbox=\"yes\" data-elementor-lightbox-slideshow=\"80825b7\" data-elementor-lightbox-title=\"471_t\" data-e-action-hash=\"#elementor-action%3Aaction%3Dlightbox%26settings%3DeyJpZCI6MjIxNiwidXJsIjoiaHR0cHM6XC9cL3d3dy5zYW1jb24uY2FcL3dwLWNvbnRlbnRcL3VwbG9hZHNcLzIwMjBcLzEyXC80NzFfdC5qcGciLCJzbGlkZXNob3ciOiI4MDgyNWI3In0%3D\">\n\t\t\t\t\t<div class=\"e-gallery-image elementor-gallery-item__image\" data-thumbnail=\"https:\/\/www.samcon.ca\/wp-content\/uploads\/2020\/12\/471_t.jpg\" data-width=\"725\" data-height=\"420\" aria-label=\"\" role=\"img\" ><\/div>\n\t\t\t\t\t\t\t\t\t\t\t<div class=\"elementor-gallery-item__overlay\"><\/div>\n\t\t\t\t\t\t\t\t\t\t\t\t\t\t<\/a>\n\t\t\t\t\t\t\t<a class=\"e-gallery-item elementor-gallery-item elementor-animated-content\" href=\"https:\/\/www.samcon.ca\/wp-content\/uploads\/2020\/12\/473_t.jpg\" data-elementor-open-lightbox=\"yes\" data-elementor-lightbox-slideshow=\"80825b7\" data-elementor-lightbox-title=\"473_t\" data-e-action-hash=\"#elementor-action%3Aaction%3Dlightbox%26settings%3DeyJpZCI6MjIxOCwidXJsIjoiaHR0cHM6XC9cL3d3dy5zYW1jb24uY2FcL3dwLWNvbnRlbnRcL3VwbG9hZHNcLzIwMjBcLzEyXC80NzNfdC5qcGciLCJzbGlkZXNob3ciOiI4MDgyNWI3In0%3D\">\n\t\t\t\t\t<div class=\"e-gallery-image elementor-gallery-item__image\" data-thumbnail=\"https:\/\/www.samcon.ca\/wp-content\/uploads\/2020\/12\/473_t.jpg\" data-width=\"725\" data-height=\"420\" aria-label=\"\" role=\"img\" ><\/div>\n\t\t\t\t\t\t\t\t\t\t\t<div class=\"elementor-gallery-item__overlay\"><\/div>\n\t\t\t\t\t\t\t\t\t\t\t\t\t\t<\/a>\n\t\t\t\t\t<\/div>\n\t\t\t\t\t<\/div>\n\t\t\t\t<\/div>\n\t\t\t\t\t<\/div>\n\t\t<\/div>\n\t\t\t\t\t<\/div>\n\t\t<\/section>\n\t\t\t\t<\/div>","protected":false},"excerpt":{"rendered":"<p>Projets disponibles Drummond Parking Poss\u00e9dez votre stationnement souterrain int\u00e9rieur au centre-ville de Montr\u00e9al Location annuelle Disponible \u00e0 partir de 300$ [&hellip;]<\/p>","protected":false},"author":3,"featured_media":0,"parent":0,"menu_order":0,"comment_status":"closed","ping_status":"closed","template":"","meta":{"footnotes":""},"pagetype":[],"class_list":["post-2238","page","type-page","status-publish","hentry"],"acf":[],"yoast_head":"<!-- This site is optimized with the Yoast SEO plugin v27.4 - https:\/\/yoast.com\/product\/yoast-seo-wordpress\/ -->\n<title>Stationnements - Samcon<\/title>\n<meta name=\"robots\" content=\"index, follow, max-snippet:-1, max-image-preview:large, max-video-preview:-1\" \/>\n<link rel=\"canonical\" href=\"https:\/\/www.samcon.ca\/fr\/stationnements\/\" \/>\n<meta property=\"og:locale\" content=\"fr_CA\" \/>\n<meta property=\"og:type\" content=\"article\" \/>\n<meta property=\"og:title\" content=\"Stationnements - Samcon\" \/>\n<meta property=\"og:description\" content=\"Projets disponibles Drummond Parking Poss\u00e9dez votre stationnement souterrain int\u00e9rieur au centre-ville de Montr\u00e9al Location annuelle Disponible \u00e0 partir de 300$ [&hellip;]\" \/>\n<meta property=\"og:url\" content=\"https:\/\/www.samcon.ca\/fr\/stationnements\/\" \/>\n<meta property=\"og:site_name\" content=\"Samcon\" \/>\n<meta property=\"article:modified_time\" content=\"2022-10-18T14:50:15+00:00\" \/>\n<meta property=\"og:image\" content=\"https:\/\/www.samcon.ca\/wp-content\/uploads\/2020\/12\/474_t.jpg\" \/>\n<meta name=\"twitter:card\" content=\"summary_large_image\" \/>\n<meta name=\"twitter:label1\" content=\"Estimation du temps de lecture\" \/>\n\t<meta name=\"twitter:data1\" content=\"1 minute\" \/>\n<script type=\"application\/ld+json\" class=\"yoast-schema-graph\">{\"@context\":\"https:\\\/\\\/schema.org\",\"@graph\":[{\"@type\":\"WebPage\",\"@id\":\"https:\\\/\\\/www.samcon.ca\\\/stationnements\\\/\",\"url\":\"https:\\\/\\\/www.samcon.ca\\\/stationnements\\\/\",\"name\":\"Stationnements - Samcon\",\"isPartOf\":{\"@id\":\"https:\\\/\\\/www.samcon.ca\\\/#website\"},\"primaryImageOfPage\":{\"@id\":\"https:\\\/\\\/www.samcon.ca\\\/stationnements\\\/#primaryimage\"},\"image\":{\"@id\":\"https:\\\/\\\/www.samcon.ca\\\/stationnements\\\/#primaryimage\"},\"thumbnailUrl\":\"https:\\\/\\\/www.samcon.ca\\\/wp-content\\\/uploads\\\/2020\\\/12\\\/474_t.jpg\",\"datePublished\":\"2020-12-26T22:44:59+00:00\",\"dateModified\":\"2022-10-18T14:50:15+00:00\",\"breadcrumb\":{\"@id\":\"https:\\\/\\\/www.samcon.ca\\\/stationnements\\\/#breadcrumb\"},\"inLanguage\":\"fr-CA\",\"potentialAction\":[{\"@type\":\"ReadAction\",\"target\":[\"https:\\\/\\\/www.samcon.ca\\\/stationnements\\\/\"]}]},{\"@type\":\"ImageObject\",\"inLanguage\":\"fr-CA\",\"@id\":\"https:\\\/\\\/www.samcon.ca\\\/stationnements\\\/#primaryimage\",\"url\":\"https:\\\/\\\/www.samcon.ca\\\/wp-content\\\/uploads\\\/2020\\\/12\\\/474_t.jpg\",\"contentUrl\":\"https:\\\/\\\/www.samcon.ca\\\/wp-content\\\/uploads\\\/2020\\\/12\\\/474_t.jpg\"},{\"@type\":\"BreadcrumbList\",\"@id\":\"https:\\\/\\\/www.samcon.ca\\\/stationnements\\\/#breadcrumb\",\"itemListElement\":[{\"@type\":\"ListItem\",\"position\":1,\"name\":\"Home\",\"item\":\"https:\\\/\\\/www.samcon.ca\\\/\"},{\"@type\":\"ListItem\",\"position\":2,\"name\":\"Stationnements\"}]},{\"@type\":\"WebSite\",\"@id\":\"https:\\\/\\\/www.samcon.ca\\\/#website\",\"url\":\"https:\\\/\\\/www.samcon.ca\\\/\",\"name\":\"Samcon\",\"description\":\"Condo Montreal\",\"publisher\":{\"@id\":\"https:\\\/\\\/www.samcon.ca\\\/#organization\"},\"potentialAction\":[{\"@type\":\"SearchAction\",\"target\":{\"@type\":\"EntryPoint\",\"urlTemplate\":\"https:\\\/\\\/www.samcon.ca\\\/?s={search_term_string}\"},\"query-input\":{\"@type\":\"PropertyValueSpecification\",\"valueRequired\":true,\"valueName\":\"search_term_string\"}}],\"inLanguage\":\"fr-CA\"},{\"@type\":\"Organization\",\"@id\":\"https:\\\/\\\/www.samcon.ca\\\/#organization\",\"name\":\"Samcon\",\"url\":\"https:\\\/\\\/www.samcon.ca\\\/\",\"logo\":{\"@type\":\"ImageObject\",\"inLanguage\":\"fr-CA\",\"@id\":\"https:\\\/\\\/www.samcon.ca\\\/#\\\/schema\\\/logo\\\/image\\\/\",\"url\":\"https:\\\/\\\/www.samcon.ca\\\/wp-content\\\/uploads\\\/2020\\\/11\\\/Recurso-100j.png\",\"contentUrl\":\"https:\\\/\\\/www.samcon.ca\\\/wp-content\\\/uploads\\\/2020\\\/11\\\/Recurso-100j.png\",\"width\":1739,\"height\":695,\"caption\":\"Samcon\"},\"image\":{\"@id\":\"https:\\\/\\\/www.samcon.ca\\\/#\\\/schema\\\/logo\\\/image\\\/\"}}]}<\/script>\n<!-- \/ Yoast SEO plugin. -->","yoast_head_json":{"title":"Stationnements - Samcon","robots":{"index":"index","follow":"follow","max-snippet":"max-snippet:-1","max-image-preview":"max-image-preview:large","max-video-preview":"max-video-preview:-1"},"canonical":"https:\/\/www.samcon.ca\/fr\/stationnements\/","og_locale":"fr_CA","og_type":"article","og_title":"Stationnements - Samcon","og_description":"Projets disponibles Drummond Parking Poss\u00e9dez votre stationnement souterrain int\u00e9rieur au centre-ville de Montr\u00e9al Location annuelle Disponible \u00e0 partir de 300$ [&hellip;]","og_url":"https:\/\/www.samcon.ca\/fr\/stationnements\/","og_site_name":"Samcon","article_modified_time":"2022-10-18T14:50:15+00:00","og_image":[{"url":"https:\/\/www.samcon.ca\/wp-content\/uploads\/2020\/12\/474_t.jpg","type":"","width":"","height":""}],"twitter_card":"summary_large_image","twitter_misc":{"Estimation du temps de lecture":"1 minute"},"schema":{"@context":"https:\/\/schema.org","@graph":[{"@type":"WebPage","@id":"https:\/\/www.samcon.ca\/stationnements\/","url":"https:\/\/www.samcon.ca\/stationnements\/","name":"Stationnements - Samcon","isPartOf":{"@id":"https:\/\/www.samcon.ca\/#website"},"primaryImageOfPage":{"@id":"https:\/\/www.samcon.ca\/stationnements\/#primaryimage"},"image":{"@id":"https:\/\/www.samcon.ca\/stationnements\/#primaryimage"},"thumbnailUrl":"https:\/\/www.samcon.ca\/wp-content\/uploads\/2020\/12\/474_t.jpg","datePublished":"2020-12-26T22:44:59+00:00","dateModified":"2022-10-18T14:50:15+00:00","breadcrumb":{"@id":"https:\/\/www.samcon.ca\/stationnements\/#breadcrumb"},"inLanguage":"fr-CA","potentialAction":[{"@type":"ReadAction","target":["https:\/\/www.samcon.ca\/stationnements\/"]}]},{"@type":"ImageObject","inLanguage":"fr-CA","@id":"https:\/\/www.samcon.ca\/stationnements\/#primaryimage","url":"https:\/\/www.samcon.ca\/wp-content\/uploads\/2020\/12\/474_t.jpg","contentUrl":"https:\/\/www.samcon.ca\/wp-content\/uploads\/2020\/12\/474_t.jpg"},{"@type":"BreadcrumbList","@id":"https:\/\/www.samcon.ca\/stationnements\/#breadcrumb","itemListElement":[{"@type":"ListItem","position":1,"name":"Home","item":"https:\/\/www.samcon.ca\/"},{"@type":"ListItem","position":2,"name":"Stationnements"}]},{"@type":"WebSite","@id":"https:\/\/www.samcon.ca\/#website","url":"https:\/\/www.samcon.ca\/","name":"Samcon","description":"Condo Montreal","publisher":{"@id":"https:\/\/www.samcon.ca\/#organization"},"potentialAction":[{"@type":"SearchAction","target":{"@type":"EntryPoint","urlTemplate":"https:\/\/www.samcon.ca\/?s={search_term_string}"},"query-input":{"@type":"PropertyValueSpecification","valueRequired":true,"valueName":"search_term_string"}}],"inLanguage":"fr-CA"},{"@type":"Organization","@id":"https:\/\/www.samcon.ca\/#organization","name":"Samcon","url":"https:\/\/www.samcon.ca\/","logo":{"@type":"ImageObject","inLanguage":"fr-CA","@id":"https:\/\/www.samcon.ca\/#\/schema\/logo\/image\/","url":"https:\/\/www.samcon.ca\/wp-content\/uploads\/2020\/11\/Recurso-100j.png","contentUrl":"https:\/\/www.samcon.ca\/wp-content\/uploads\/2020\/11\/Recurso-100j.png","width":1739,"height":695,"caption":"Samcon"},"image":{"@id":"https:\/\/www.samcon.ca\/#\/schema\/logo\/image\/"}}]}},"_links":{"self":[{"href":"https:\/\/www.samcon.ca\/fr\/wp-json\/wp\/v2\/pages\/2238","targetHints":{"allow":["GET"]}}],"collection":[{"href":"https:\/\/www.samcon.ca\/fr\/wp-json\/wp\/v2\/pages"}],"about":[{"href":"https:\/\/www.samcon.ca\/fr\/wp-json\/wp\/v2\/types\/page"}],"author":[{"embeddable":true,"href":"https:\/\/www.samcon.ca\/fr\/wp-json\/wp\/v2\/users\/3"}],"replies":[{"embeddable":true,"href":"https:\/\/www.samcon.ca\/fr\/wp-json\/wp\/v2\/comments?post=2238"}],"version-history":[{"count":0,"href":"https:\/\/www.samcon.ca\/fr\/wp-json\/wp\/v2\/pages\/2238\/revisions"}],"wp:attachment":[{"href":"https:\/\/www.samcon.ca\/fr\/wp-json\/wp\/v2\/media?parent=2238"}],"wp:term":[{"taxonomy":"pagetype","embeddable":true,"href":"https:\/\/www.samcon.ca\/fr\/wp-json\/wp\/v2\/pagetype?post=2238"}],"curies":[{"name":"wp","href":"https:\/\/api.w.org\/{rel}","templated":true}]}}