{"id":29,"date":"2020-11-29T18:08:32","date_gmt":"2020-11-29T18:08:32","guid":{"rendered":"https:\/\/samcon.ca\/?page_id=29"},"modified":"2025-07-22T19:49:15","modified_gmt":"2025-07-22T19:49:15","slug":"old-about","status":"publish","type":"page","link":"https:\/\/www.samcon.ca\/fr\/old-about\/","title":{"rendered":"\u00c0 propos"},"content":{"rendered":"<div data-elementor-type=\"wp-page\" data-elementor-id=\"29\" class=\"elementor elementor-29\" data-elementor-post-type=\"page\">\n\t\t\t\t\t\t<section class=\"elementor-section elementor-top-section elementor-element elementor-element-05c8525 elementor-section-boxed elementor-section-height-default elementor-section-height-default\" data-id=\"05c8525\" data-element_type=\"section\" data-e-type=\"section\">\n\t\t\t\t\t\t<div class=\"elementor-container elementor-column-gap-default\">\n\t\t\t\t\t<div class=\"elementor-column elementor-col-100 elementor-top-column elementor-element elementor-element-02bdd8e\" data-id=\"02bdd8e\" data-element_type=\"column\" data-e-type=\"column\">\n\t\t\t<div class=\"elementor-widget-wrap elementor-element-populated\">\n\t\t\t\t\t\t<div class=\"elementor-element elementor-element-655b3e9 elementor-widget elementor-widget-image\" data-id=\"655b3e9\" data-element_type=\"widget\" data-e-type=\"widget\" data-widget_type=\"image.default\">\n\t\t\t\t<div class=\"elementor-widget-container\">\n\t\t\t\t\t\t\t\t\t\t\t\t\t\t\t<img fetchpriority=\"high\" decoding=\"async\" width=\"425\" height=\"246\" src=\"https:\/\/www.samcon.ca\/wp-content\/uploads\/2021\/11\/Developer-Real-Estate-Projects-Montreal-Samcon.jpg\" class=\"attachment-large size-large wp-image-5127\" alt=\"\" srcset=\"https:\/\/www.samcon.ca\/wp-content\/uploads\/2021\/11\/Developer-Real-Estate-Projects-Montreal-Samcon.jpg 425w, https:\/\/www.samcon.ca\/wp-content\/uploads\/2021\/11\/Developer-Real-Estate-Projects-Montreal-Samcon-300x174.jpg 300w\" sizes=\"(max-width: 425px) 100vw, 425px\" \/>\t\t\t\t\t\t\t\t\t\t\t\t\t\t\t<\/div>\n\t\t\t\t<\/div>\n\t\t\t\t<div class=\"elementor-element elementor-element-7210c0e elementor-widget elementor-widget-text-editor\" data-id=\"7210c0e\" data-element_type=\"widget\" data-e-type=\"widget\" data-no-translation=\"\" data-widget_type=\"text-editor.default\">\n\t\t\t\t<div class=\"elementor-widget-container\">\n\t\t\t\t\t<style>.elementor-element-7210c0e{display:none !important}<\/style>\t\t\t\t<\/div>\n\t\t\t\t<\/div>\n\t\t\t\t<div class=\"elementor-element elementor-element-06b7f23 elementor-widget elementor-widget-text-editor\" data-id=\"06b7f23\" data-element_type=\"widget\" data-e-type=\"widget\" data-no-translation=\"\" data-widget_type=\"text-editor.default\">\n\t\t\t\t<div class=\"elementor-widget-container\">\n\t\t\t\t\t\t\t\t\t<p>Le tout premier projet de Samcon est Le St-Christophe (8 unit\u00e9s), construit en 1991. La premi\u00e8re structure de b\u00e9ton de l&#8217;entreprise, Le Laurier du Plateau, est construite en 2000. Son rez-de-chauss\u00e9e a servi de si\u00e8ge social \u00e0 Samcon jusqu&#8217;en janvier 2007, date \u00e0 laquelle l&#8217;entreprise a d\u00e9m\u00e9nag\u00e9 son \u00e9quipe dans un autre \u00e9difice Samcon, Le 825 Ren\u00e9-L\u00e9vesque Est.<\/p>\n<p>Vaste exp\u00e9rience dans l&#8217;industrie de la construction depuis 1991, avec plus de 90 projets r\u00e9alis\u00e9s et plus de 5,000 condos vendus.<\/p>\n<p>Samcon est une entreprise de construction r\u00e9sidentielle fond\u00e9e en 1991 \u00e0 Montr\u00e9al. Elle compte aujourd&#8217;hui plus de 33 ans d&#8217;exp\u00e9rience dans le march\u00e9 de la copropri\u00e9t\u00e9.<\/p><p><br><\/p><p>Au fil des ans, elle a d\u00e9velopp\u00e9 une expertise approfondie du march\u00e9 de la copropri\u00e9t\u00e9 \u00e0 Montr\u00e9al dans une dizaine d&#8217;arrondissements de la m\u00e9tropole. Cette expertise leur permet d&#8217;offrir des produits de qualit\u00e9 \u00e0 des prix raisonnables qui contribuent \u00e0 l&#8217;acc\u00e8s \u00e0 la propri\u00e9t\u00e9 et \u00e0 la revitalisation de divers secteurs de la ville de Montr\u00e9al. Leurs projets revitalisent, transforment et am\u00e9liorent le paysage urbain de la m\u00e9tropole, tout en offrant une qualit\u00e9 de vie exceptionnelle \u00e0 leurs r\u00e9sidents.<\/p><p><br><\/p><p>Samcon s&#8217;engage \u00e0 prot\u00e9ger l&#8217;environnement et la qualit\u00e9 de vie \u00e0 Montr\u00e9al. Ces projets sont souvent situ\u00e9s \u00e0 proximit\u00e9 des stations de m\u00e9tro et encouragent l&#8217;utilisation des transports en commun. Ils s&#8217;approvisionnent aupr\u00e8s de fournisseurs qu\u00e9b\u00e9cois innovateurs afin de s&#8217;assurer que nos clients re\u00e7oivent ce qu&#8217;il y a de mieux en mati\u00e8re d&#8217;habitation. Depuis 33 ans, ils ont donn\u00e9 plus de 3 millions de dollars \u00e0 des organismes et institutions de sant\u00e9 et d&#8217;\u00e9ducation \u00e0 Montr\u00e9al pour aider \u00e0 maintenir la qualit\u00e9 de vie de tous les Montr\u00e9alais.<\/p><p><br><\/p><p>Leur \u00e9quipe est exp\u00e9riment\u00e9e dans la conception, la construction, le marketing, les ventes et le service apr\u00e8s-vente, tous d\u00e9di\u00e9s \u00e0 la satisfaction de leurs clients, pass\u00e9s, pr\u00e9sents et futurs.<\/p><p><br><\/p><p>Traduit avec DeepL.com (version gratuite)<\/p>\t\t\t\t\t\t\t\t<\/div>\n\t\t\t\t<\/div>\n\t\t\t\t\t<\/div>\n\t\t<\/div>\n\t\t\t\t\t<\/div>\n\t\t<\/section>\n\t\t\t\t<\/div>","protected":false},"excerpt":{"rendered":"<p>Samcon\u2019s very first project was Le St-Christophe\u00a0(8 units), built in 1991. The company\u2019s first 8 story structure, Le Laurier du [&hellip;]<\/p>","protected":false},"author":3,"featured_media":0,"parent":0,"menu_order":0,"comment_status":"closed","ping_status":"closed","template":"","meta":{"footnotes":""},"pagetype":[13],"class_list":["post-29","page","type-page","status-publish","hentry","pagetype-about-us"],"acf":[],"yoast_head":"<!-- This site is optimized with the Yoast SEO plugin v27.4 - https:\/\/yoast.com\/product\/yoast-seo-wordpress\/ -->\n<title>About Samcon | About Us<\/title>\n<meta name=\"robots\" content=\"index, follow, max-snippet:-1, max-image-preview:large, max-video-preview:-1\" \/>\n<link rel=\"canonical\" href=\"https:\/\/www.samcon.ca\/fr\/old-about\/\" \/>\n<meta property=\"og:locale\" content=\"fr_CA\" \/>\n<meta property=\"og:type\" content=\"article\" \/>\n<meta property=\"og:title\" content=\"About Samcon | About Us\" \/>\n<meta property=\"og:description\" content=\"Samcon\u2019s very first project was Le St-Christophe\u00a0(8 units), built in 1991. The company\u2019s first 8 story structure, Le Laurier du [&hellip;]\" \/>\n<meta property=\"og:url\" content=\"https:\/\/www.samcon.ca\/fr\/old-about\/\" \/>\n<meta property=\"og:site_name\" content=\"Samcon\" \/>\n<meta property=\"article:modified_time\" content=\"2025-07-22T19:49:15+00:00\" \/>\n<meta property=\"og:image\" content=\"https:\/\/www.samcon.ca\/wp-content\/uploads\/2021\/11\/Developer-Real-Estate-Projects-Montreal-Samcon.jpg\" \/>\n\t<meta property=\"og:image:width\" content=\"425\" \/>\n\t<meta property=\"og:image:height\" content=\"246\" \/>\n\t<meta property=\"og:image:type\" content=\"image\/jpeg\" \/>\n<meta name=\"twitter:card\" content=\"summary_large_image\" \/>\n<meta name=\"twitter:label1\" content=\"Estimation du temps de lecture\" \/>\n\t<meta name=\"twitter:data1\" content=\"3 minutes\" \/>\n<script type=\"application\/ld+json\" class=\"yoast-schema-graph\">{\"@context\":\"https:\\\/\\\/schema.org\",\"@graph\":[{\"@type\":\"WebPage\",\"@id\":\"https:\\\/\\\/www.samcon.ca\\\/old-about\\\/\",\"url\":\"https:\\\/\\\/www.samcon.ca\\\/old-about\\\/\",\"name\":\"About Samcon | About Us\",\"isPartOf\":{\"@id\":\"https:\\\/\\\/www.samcon.ca\\\/#website\"},\"primaryImageOfPage\":{\"@id\":\"https:\\\/\\\/www.samcon.ca\\\/old-about\\\/#primaryimage\"},\"image\":{\"@id\":\"https:\\\/\\\/www.samcon.ca\\\/old-about\\\/#primaryimage\"},\"thumbnailUrl\":\"https:\\\/\\\/www.samcon.ca\\\/wp-content\\\/uploads\\\/2021\\\/11\\\/Developer-Real-Estate-Projects-Montreal-Samcon.jpg\",\"datePublished\":\"2020-11-29T18:08:32+00:00\",\"dateModified\":\"2025-07-22T19:49:15+00:00\",\"breadcrumb\":{\"@id\":\"https:\\\/\\\/www.samcon.ca\\\/old-about\\\/#breadcrumb\"},\"inLanguage\":\"fr-CA\",\"potentialAction\":[{\"@type\":\"ReadAction\",\"target\":[\"https:\\\/\\\/www.samcon.ca\\\/old-about\\\/\"]}]},{\"@type\":\"ImageObject\",\"inLanguage\":\"fr-CA\",\"@id\":\"https:\\\/\\\/www.samcon.ca\\\/old-about\\\/#primaryimage\",\"url\":\"https:\\\/\\\/www.samcon.ca\\\/wp-content\\\/uploads\\\/2021\\\/11\\\/Developer-Real-Estate-Projects-Montreal-Samcon.jpg\",\"contentUrl\":\"https:\\\/\\\/www.samcon.ca\\\/wp-content\\\/uploads\\\/2021\\\/11\\\/Developer-Real-Estate-Projects-Montreal-Samcon.jpg\"},{\"@type\":\"BreadcrumbList\",\"@id\":\"https:\\\/\\\/www.samcon.ca\\\/old-about\\\/#breadcrumb\",\"itemListElement\":[{\"@type\":\"ListItem\",\"position\":1,\"name\":\"Home\",\"item\":\"https:\\\/\\\/www.samcon.ca\\\/\"},{\"@type\":\"ListItem\",\"position\":2,\"name\":\"About Us\"}]},{\"@type\":\"WebSite\",\"@id\":\"https:\\\/\\\/www.samcon.ca\\\/#website\",\"url\":\"https:\\\/\\\/www.samcon.ca\\\/\",\"name\":\"Samcon\",\"description\":\"Condo Montreal\",\"publisher\":{\"@id\":\"https:\\\/\\\/www.samcon.ca\\\/#organization\"},\"potentialAction\":[{\"@type\":\"SearchAction\",\"target\":{\"@type\":\"EntryPoint\",\"urlTemplate\":\"https:\\\/\\\/www.samcon.ca\\\/?s={search_term_string}\"},\"query-input\":{\"@type\":\"PropertyValueSpecification\",\"valueRequired\":true,\"valueName\":\"search_term_string\"}}],\"inLanguage\":\"fr-CA\"},{\"@type\":\"Organization\",\"@id\":\"https:\\\/\\\/www.samcon.ca\\\/#organization\",\"name\":\"Samcon\",\"url\":\"https:\\\/\\\/www.samcon.ca\\\/\",\"logo\":{\"@type\":\"ImageObject\",\"inLanguage\":\"fr-CA\",\"@id\":\"https:\\\/\\\/www.samcon.ca\\\/#\\\/schema\\\/logo\\\/image\\\/\",\"url\":\"https:\\\/\\\/www.samcon.ca\\\/wp-content\\\/uploads\\\/2020\\\/11\\\/Recurso-100j.png\",\"contentUrl\":\"https:\\\/\\\/www.samcon.ca\\\/wp-content\\\/uploads\\\/2020\\\/11\\\/Recurso-100j.png\",\"width\":1739,\"height\":695,\"caption\":\"Samcon\"},\"image\":{\"@id\":\"https:\\\/\\\/www.samcon.ca\\\/#\\\/schema\\\/logo\\\/image\\\/\"}}]}<\/script>\n<!-- \/ Yoast SEO plugin. -->","yoast_head_json":{"title":"About Samcon | About Us","robots":{"index":"index","follow":"follow","max-snippet":"max-snippet:-1","max-image-preview":"max-image-preview:large","max-video-preview":"max-video-preview:-1"},"canonical":"https:\/\/www.samcon.ca\/fr\/old-about\/","og_locale":"fr_CA","og_type":"article","og_title":"About Samcon | About Us","og_description":"Samcon\u2019s very first project was Le St-Christophe\u00a0(8 units), built in 1991. The company\u2019s first 8 story structure, Le Laurier du [&hellip;]","og_url":"https:\/\/www.samcon.ca\/fr\/old-about\/","og_site_name":"Samcon","article_modified_time":"2025-07-22T19:49:15+00:00","og_image":[{"width":425,"height":246,"url":"https:\/\/www.samcon.ca\/wp-content\/uploads\/2021\/11\/Developer-Real-Estate-Projects-Montreal-Samcon.jpg","type":"image\/jpeg"}],"twitter_card":"summary_large_image","twitter_misc":{"Estimation du temps de lecture":"3 minutes"},"schema":{"@context":"https:\/\/schema.org","@graph":[{"@type":"WebPage","@id":"https:\/\/www.samcon.ca\/old-about\/","url":"https:\/\/www.samcon.ca\/old-about\/","name":"About Samcon | About Us","isPartOf":{"@id":"https:\/\/www.samcon.ca\/#website"},"primaryImageOfPage":{"@id":"https:\/\/www.samcon.ca\/old-about\/#primaryimage"},"image":{"@id":"https:\/\/www.samcon.ca\/old-about\/#primaryimage"},"thumbnailUrl":"https:\/\/www.samcon.ca\/wp-content\/uploads\/2021\/11\/Developer-Real-Estate-Projects-Montreal-Samcon.jpg","datePublished":"2020-11-29T18:08:32+00:00","dateModified":"2025-07-22T19:49:15+00:00","breadcrumb":{"@id":"https:\/\/www.samcon.ca\/old-about\/#breadcrumb"},"inLanguage":"fr-CA","potentialAction":[{"@type":"ReadAction","target":["https:\/\/www.samcon.ca\/old-about\/"]}]},{"@type":"ImageObject","inLanguage":"fr-CA","@id":"https:\/\/www.samcon.ca\/old-about\/#primaryimage","url":"https:\/\/www.samcon.ca\/wp-content\/uploads\/2021\/11\/Developer-Real-Estate-Projects-Montreal-Samcon.jpg","contentUrl":"https:\/\/www.samcon.ca\/wp-content\/uploads\/2021\/11\/Developer-Real-Estate-Projects-Montreal-Samcon.jpg"},{"@type":"BreadcrumbList","@id":"https:\/\/www.samcon.ca\/old-about\/#breadcrumb","itemListElement":[{"@type":"ListItem","position":1,"name":"Home","item":"https:\/\/www.samcon.ca\/"},{"@type":"ListItem","position":2,"name":"About Us"}]},{"@type":"WebSite","@id":"https:\/\/www.samcon.ca\/#website","url":"https:\/\/www.samcon.ca\/","name":"Samcon","description":"Condo Montreal","publisher":{"@id":"https:\/\/www.samcon.ca\/#organization"},"potentialAction":[{"@type":"SearchAction","target":{"@type":"EntryPoint","urlTemplate":"https:\/\/www.samcon.ca\/?s={search_term_string}"},"query-input":{"@type":"PropertyValueSpecification","valueRequired":true,"valueName":"search_term_string"}}],"inLanguage":"fr-CA"},{"@type":"Organization","@id":"https:\/\/www.samcon.ca\/#organization","name":"Samcon","url":"https:\/\/www.samcon.ca\/","logo":{"@type":"ImageObject","inLanguage":"fr-CA","@id":"https:\/\/www.samcon.ca\/#\/schema\/logo\/image\/","url":"https:\/\/www.samcon.ca\/wp-content\/uploads\/2020\/11\/Recurso-100j.png","contentUrl":"https:\/\/www.samcon.ca\/wp-content\/uploads\/2020\/11\/Recurso-100j.png","width":1739,"height":695,"caption":"Samcon"},"image":{"@id":"https:\/\/www.samcon.ca\/#\/schema\/logo\/image\/"}}]}},"_links":{"self":[{"href":"https:\/\/www.samcon.ca\/fr\/wp-json\/wp\/v2\/pages\/29","targetHints":{"allow":["GET"]}}],"collection":[{"href":"https:\/\/www.samcon.ca\/fr\/wp-json\/wp\/v2\/pages"}],"about":[{"href":"https:\/\/www.samcon.ca\/fr\/wp-json\/wp\/v2\/types\/page"}],"author":[{"embeddable":true,"href":"https:\/\/www.samcon.ca\/fr\/wp-json\/wp\/v2\/users\/3"}],"replies":[{"embeddable":true,"href":"https:\/\/www.samcon.ca\/fr\/wp-json\/wp\/v2\/comments?post=29"}],"version-history":[{"count":0,"href":"https:\/\/www.samcon.ca\/fr\/wp-json\/wp\/v2\/pages\/29\/revisions"}],"wp:attachment":[{"href":"https:\/\/www.samcon.ca\/fr\/wp-json\/wp\/v2\/media?parent=29"}],"wp:term":[{"taxonomy":"pagetype","embeddable":true,"href":"https:\/\/www.samcon.ca\/fr\/wp-json\/wp\/v2\/pagetype?post=29"}],"curies":[{"name":"wp","href":"https:\/\/api.w.org\/{rel}","templated":true}]}}