{"id":344,"date":"2020-12-05T17:05:58","date_gmt":"2020-12-05T17:05:58","guid":{"rendered":"https:\/\/samcon.ca\/?page_id=344"},"modified":"2021-02-01T21:44:51","modified_gmt":"2021-02-01T21:44:51","slug":"supplier-zone","status":"publish","type":"page","link":"https:\/\/www.samcon.ca\/fr\/zone-fournisseurs\/","title":{"rendered":"Zone fournisseurs"},"content":{"rendered":"<div data-elementor-type=\"wp-page\" data-elementor-id=\"344\" class=\"elementor elementor-344\" data-elementor-post-type=\"page\">\n\t\t\t\t\t\t<section class=\"elementor-section elementor-top-section elementor-element elementor-element-ccf3420 regularpad elementor-section-boxed elementor-section-height-default elementor-section-height-default\" data-id=\"ccf3420\" data-element_type=\"section\" data-e-type=\"section\">\n\t\t\t\t\t\t<div class=\"elementor-container elementor-column-gap-default\">\n\t\t\t\t\t<div class=\"elementor-column elementor-col-100 elementor-top-column elementor-element elementor-element-4786ce0\" data-id=\"4786ce0\" data-element_type=\"column\" data-e-type=\"column\">\n\t\t\t<div class=\"elementor-widget-wrap elementor-element-populated\">\n\t\t\t\t\t\t<div class=\"elementor-element elementor-element-0ac2310 elementor-widget elementor-widget-heading\" data-id=\"0ac2310\" data-element_type=\"widget\" data-e-type=\"widget\" data-widget_type=\"heading.default\">\n\t\t\t\t<div class=\"elementor-widget-container\">\n\t\t\t\t\t<h1 class=\"elementor-heading-title elementor-size-default\">Zone fournisseurs<\/h1>\t\t\t\t<\/div>\n\t\t\t\t<\/div>\n\t\t\t\t<div class=\"elementor-element elementor-element-8f99e38 elementor-widget elementor-widget-text-editor\" data-id=\"8f99e38\" data-element_type=\"widget\" data-e-type=\"widget\" data-widget_type=\"text-editor.default\">\n\t\t\t\t<div class=\"elementor-widget-container\">\n\t\t\t\t\t\t\t\t\t<p>Samcon met \u00e0 la disposition de ses fournisseurs un outil qui permet de transf\u00e9rer des donn\u00e9es relatives \u00e0 la construction de ses projets immobiliers. Pour ce faire, vous devez poss\u00e9der un nom d\u2019utilisateur et un mot de passe.<br \/><br \/>Pour acc\u00e9der \u00e0 la zone fournisseurs,\u00a0<a href=\"https:\/\/www.samcon.ca\/fr\/TRANSFERT\/index_transfert.cfm\/\" target=\"_blank\" rel=\"noopener\">click here<\/a>.<\/p><h2>Appels d\u2019offres<\/h2><p><a href=\"mailto:mcindea@samcon.ca\">mcindea@samcon.ca<\/a><\/p>\t\t\t\t\t\t\t\t<\/div>\n\t\t\t\t<\/div>\n\t\t\t\t\t<\/div>\n\t\t<\/div>\n\t\t\t\t\t<\/div>\n\t\t<\/section>\n\t\t\t\t<\/div>","protected":false},"excerpt":{"rendered":"<p>Supplier Area Samcon makes a tool available to its suppliers that allows them to transfer data related to construction of [&hellip;]<\/p>","protected":false},"author":3,"featured_media":0,"parent":0,"menu_order":0,"comment_status":"closed","ping_status":"closed","template":"","meta":{"footnotes":""},"pagetype":[],"class_list":["post-344","page","type-page","status-publish","hentry"],"acf":[],"yoast_head":"<!-- This site is optimized with the Yoast SEO plugin v27.5 - https:\/\/yoast.com\/product\/yoast-seo-wordpress\/ -->\n<title>Supplier Area - Samcon<\/title>\n<meta name=\"robots\" content=\"index, follow, max-snippet:-1, max-image-preview:large, max-video-preview:-1\" \/>\n<link rel=\"canonical\" href=\"https:\/\/www.samcon.ca\/fr\/zone-fournisseurs\/\" \/>\n<meta property=\"og:locale\" content=\"fr_CA\" \/>\n<meta property=\"og:type\" content=\"article\" \/>\n<meta property=\"og:title\" content=\"Supplier Area - Samcon\" \/>\n<meta property=\"og:description\" content=\"Supplier Area Samcon makes a tool available to its suppliers that allows them to transfer data related to construction of [&hellip;]\" \/>\n<meta property=\"og:url\" content=\"https:\/\/www.samcon.ca\/fr\/zone-fournisseurs\/\" \/>\n<meta property=\"og:site_name\" content=\"Samcon\" \/>\n<meta property=\"article:modified_time\" content=\"2021-02-01T21:44:51+00:00\" \/>\n<meta name=\"twitter:card\" content=\"summary_large_image\" \/>\n<script type=\"application\/ld+json\" class=\"yoast-schema-graph\">{\"@context\":\"https:\\\/\\\/schema.org\",\"@graph\":[{\"@type\":\"WebPage\",\"@id\":\"https:\\\/\\\/www.samcon.ca\\\/supplier-zone\\\/\",\"url\":\"https:\\\/\\\/www.samcon.ca\\\/supplier-zone\\\/\",\"name\":\"Supplier Area - Samcon\",\"isPartOf\":{\"@id\":\"https:\\\/\\\/www.samcon.ca\\\/#website\"},\"datePublished\":\"2020-12-05T17:05:58+00:00\",\"dateModified\":\"2021-02-01T21:44:51+00:00\",\"breadcrumb\":{\"@id\":\"https:\\\/\\\/www.samcon.ca\\\/supplier-zone\\\/#breadcrumb\"},\"inLanguage\":\"fr-CA\",\"potentialAction\":[{\"@type\":\"ReadAction\",\"target\":[\"https:\\\/\\\/www.samcon.ca\\\/supplier-zone\\\/\"]}]},{\"@type\":\"BreadcrumbList\",\"@id\":\"https:\\\/\\\/www.samcon.ca\\\/supplier-zone\\\/#breadcrumb\",\"itemListElement\":[{\"@type\":\"ListItem\",\"position\":1,\"name\":\"Home\",\"item\":\"https:\\\/\\\/www.samcon.ca\\\/\"},{\"@type\":\"ListItem\",\"position\":2,\"name\":\"Supplier Area\"}]},{\"@type\":\"WebSite\",\"@id\":\"https:\\\/\\\/www.samcon.ca\\\/#website\",\"url\":\"https:\\\/\\\/www.samcon.ca\\\/\",\"name\":\"Samcon\",\"description\":\"Condo Montreal\",\"publisher\":{\"@id\":\"https:\\\/\\\/www.samcon.ca\\\/#organization\"},\"potentialAction\":[{\"@type\":\"SearchAction\",\"target\":{\"@type\":\"EntryPoint\",\"urlTemplate\":\"https:\\\/\\\/www.samcon.ca\\\/?s={search_term_string}\"},\"query-input\":{\"@type\":\"PropertyValueSpecification\",\"valueRequired\":true,\"valueName\":\"search_term_string\"}}],\"inLanguage\":\"fr-CA\"},{\"@type\":\"Organization\",\"@id\":\"https:\\\/\\\/www.samcon.ca\\\/#organization\",\"name\":\"Samcon\",\"url\":\"https:\\\/\\\/www.samcon.ca\\\/\",\"logo\":{\"@type\":\"ImageObject\",\"inLanguage\":\"fr-CA\",\"@id\":\"https:\\\/\\\/www.samcon.ca\\\/#\\\/schema\\\/logo\\\/image\\\/\",\"url\":\"https:\\\/\\\/www.samcon.ca\\\/wp-content\\\/uploads\\\/2020\\\/11\\\/Recurso-100j.png\",\"contentUrl\":\"https:\\\/\\\/www.samcon.ca\\\/wp-content\\\/uploads\\\/2020\\\/11\\\/Recurso-100j.png\",\"width\":1739,\"height\":695,\"caption\":\"Samcon\"},\"image\":{\"@id\":\"https:\\\/\\\/www.samcon.ca\\\/#\\\/schema\\\/logo\\\/image\\\/\"}}]}<\/script>\n<!-- \/ Yoast SEO plugin. -->","yoast_head_json":{"title":"Supplier Area - Samcon","robots":{"index":"index","follow":"follow","max-snippet":"max-snippet:-1","max-image-preview":"max-image-preview:large","max-video-preview":"max-video-preview:-1"},"canonical":"https:\/\/www.samcon.ca\/fr\/zone-fournisseurs\/","og_locale":"fr_CA","og_type":"article","og_title":"Supplier Area - Samcon","og_description":"Supplier Area Samcon makes a tool available to its suppliers that allows them to transfer data related to construction of [&hellip;]","og_url":"https:\/\/www.samcon.ca\/fr\/zone-fournisseurs\/","og_site_name":"Samcon","article_modified_time":"2021-02-01T21:44:51+00:00","twitter_card":"summary_large_image","schema":{"@context":"https:\/\/schema.org","@graph":[{"@type":"WebPage","@id":"https:\/\/www.samcon.ca\/supplier-zone\/","url":"https:\/\/www.samcon.ca\/supplier-zone\/","name":"Supplier Area - Samcon","isPartOf":{"@id":"https:\/\/www.samcon.ca\/#website"},"datePublished":"2020-12-05T17:05:58+00:00","dateModified":"2021-02-01T21:44:51+00:00","breadcrumb":{"@id":"https:\/\/www.samcon.ca\/supplier-zone\/#breadcrumb"},"inLanguage":"fr-CA","potentialAction":[{"@type":"ReadAction","target":["https:\/\/www.samcon.ca\/supplier-zone\/"]}]},{"@type":"BreadcrumbList","@id":"https:\/\/www.samcon.ca\/supplier-zone\/#breadcrumb","itemListElement":[{"@type":"ListItem","position":1,"name":"Home","item":"https:\/\/www.samcon.ca\/"},{"@type":"ListItem","position":2,"name":"Supplier Area"}]},{"@type":"WebSite","@id":"https:\/\/www.samcon.ca\/#website","url":"https:\/\/www.samcon.ca\/","name":"Samcon","description":"Condo Montreal","publisher":{"@id":"https:\/\/www.samcon.ca\/#organization"},"potentialAction":[{"@type":"SearchAction","target":{"@type":"EntryPoint","urlTemplate":"https:\/\/www.samcon.ca\/?s={search_term_string}"},"query-input":{"@type":"PropertyValueSpecification","valueRequired":true,"valueName":"search_term_string"}}],"inLanguage":"fr-CA"},{"@type":"Organization","@id":"https:\/\/www.samcon.ca\/#organization","name":"Samcon","url":"https:\/\/www.samcon.ca\/","logo":{"@type":"ImageObject","inLanguage":"fr-CA","@id":"https:\/\/www.samcon.ca\/#\/schema\/logo\/image\/","url":"https:\/\/www.samcon.ca\/wp-content\/uploads\/2020\/11\/Recurso-100j.png","contentUrl":"https:\/\/www.samcon.ca\/wp-content\/uploads\/2020\/11\/Recurso-100j.png","width":1739,"height":695,"caption":"Samcon"},"image":{"@id":"https:\/\/www.samcon.ca\/#\/schema\/logo\/image\/"}}]}},"_links":{"self":[{"href":"https:\/\/www.samcon.ca\/fr\/wp-json\/wp\/v2\/pages\/344","targetHints":{"allow":["GET"]}}],"collection":[{"href":"https:\/\/www.samcon.ca\/fr\/wp-json\/wp\/v2\/pages"}],"about":[{"href":"https:\/\/www.samcon.ca\/fr\/wp-json\/wp\/v2\/types\/page"}],"author":[{"embeddable":true,"href":"https:\/\/www.samcon.ca\/fr\/wp-json\/wp\/v2\/users\/3"}],"replies":[{"embeddable":true,"href":"https:\/\/www.samcon.ca\/fr\/wp-json\/wp\/v2\/comments?post=344"}],"version-history":[{"count":0,"href":"https:\/\/www.samcon.ca\/fr\/wp-json\/wp\/v2\/pages\/344\/revisions"}],"wp:attachment":[{"href":"https:\/\/www.samcon.ca\/fr\/wp-json\/wp\/v2\/media?parent=344"}],"wp:term":[{"taxonomy":"pagetype","embeddable":true,"href":"https:\/\/www.samcon.ca\/fr\/wp-json\/wp\/v2\/pagetype?post=344"}],"curies":[{"name":"wp","href":"https:\/\/api.w.org\/{rel}","templated":true}]}}